{"id":188,"date":"2015-06-02T21:12:33","date_gmt":"2015-06-02T19:12:33","guid":{"rendered":"http:\/\/www.pension-antje-ahlbeck.de\/wordpress\/?page_id=188"},"modified":"2017-01-12T14:04:09","modified_gmt":"2017-01-12T12:04:09","slug":"kontakt","status":"publish","type":"page","link":"https:\/\/www.pension-antje-ahlbeck.de\/wordpress\/kontakt\/","title":{"rendered":"Kontakt"},"content":{"rendered":"<p style=\"text-align: center;\"><span style=\"font-family: Georgia;\">Unsere <strong>&#8222;Pension Antje&#8220;<\/strong> und unser <strong>&#8222;Haus Sophie&#8220;<\/strong><\/span><\/p>\n<p style=\"text-align: center;\"><span style=\"font-family: Georgia;\">k\u00f6nnen Sie \u00fcber das <b><u>Vermittlungsb\u00fcro Sebastian Scholz<\/u><\/b><br \/>\nunter der Telefonnummer <b>038378 &#8211; 800 705<br \/>\n<\/b><strong>oder<\/strong><br \/>\nSie k\u00f6nnen auch direkt bei Frau Schmoldt<br \/>\nunter der unten angegebenen Telefonnummer buchen.<b><br \/>\n<\/b><\/span><\/p>\n<p style=\"text-align: center;\"><span style=\"font-family: Georgia;\"><strong>Anreiseadresse:<\/strong><br \/>\nSchulzenstra\u00dfe 25<br \/>\n17419 Seeheilbad Ahlbeck (Insel Usedom)<br \/>\n<strong>Telefon:<\/strong> +49 (38378) 47545<br \/>\n<strong>Telefax:<\/strong> +49 (38378) 80952<b><\/b><\/span><\/p>\n","protected":false},"excerpt":{"rendered":"<p>Unsere &#8222;Pension Antje&#8220; und unser &#8222;Haus Sophie&#8220; k\u00f6nnen Sie \u00fcber das Vermittlungsb\u00fcro Sebastian Scholz unter der Telefonnummer 038378 &#8211; 800 705 oder Sie k\u00f6nnen auch direkt bei Frau Schmoldt unter der unten angegebenen Telefonnummer buchen. Anreiseadresse: Schulzenstra\u00dfe 25 17419 Seeheilbad [&hellip;]<\/p>\n","protected":false},"author":2,"featured_media":239,"parent":0,"menu_order":0,"comment_status":"closed","ping_status":"closed","template":"","meta":{"jetpack_post_was_ever_published":false,"footnotes":""},"class_list":["post-188","page","type-page","status-publish","has-post-thumbnail","hentry"],"jetpack_sharing_enabled":false,"jetpack_shortlink":"https:\/\/wp.me\/P6nxXv-32","_links":{"self":[{"href":"https:\/\/www.pension-antje-ahlbeck.de\/wordpress\/wp-json\/wp\/v2\/pages\/188","targetHints":{"allow":["GET"]}}],"collection":[{"href":"https:\/\/www.pension-antje-ahlbeck.de\/wordpress\/wp-json\/wp\/v2\/pages"}],"about":[{"href":"https:\/\/www.pension-antje-ahlbeck.de\/wordpress\/wp-json\/wp\/v2\/types\/page"}],"author":[{"embeddable":true,"href":"https:\/\/www.pension-antje-ahlbeck.de\/wordpress\/wp-json\/wp\/v2\/users\/2"}],"replies":[{"embeddable":true,"href":"https:\/\/www.pension-antje-ahlbeck.de\/wordpress\/wp-json\/wp\/v2\/comments?post=188"}],"version-history":[{"count":5,"href":"https:\/\/www.pension-antje-ahlbeck.de\/wordpress\/wp-json\/wp\/v2\/pages\/188\/revisions"}],"predecessor-version":[{"id":514,"href":"https:\/\/www.pension-antje-ahlbeck.de\/wordpress\/wp-json\/wp\/v2\/pages\/188\/revisions\/514"}],"wp:featuredmedia":[{"embeddable":true,"href":"https:\/\/www.pension-antje-ahlbeck.de\/wordpress\/wp-json\/wp\/v2\/media\/239"}],"wp:attachment":[{"href":"https:\/\/www.pension-antje-ahlbeck.de\/wordpress\/wp-json\/wp\/v2\/media?parent=188"}],"curies":[{"name":"wp","href":"https:\/\/api.w.org\/{rel}","templated":true}]}}