{"id":2,"date":"2015-05-28T13:34:46","date_gmt":"2015-05-28T13:34:46","guid":{"rendered":"http:\/\/www.pension-antje-ahlbeck.de\/wordpress\/?page_id=2"},"modified":"2017-08-13T20:57:46","modified_gmt":"2017-08-13T18:57:46","slug":"startseite","status":"publish","type":"page","link":"https:\/\/www.pension-antje-ahlbeck.de\/wordpress\/","title":{"rendered":"Startseite"},"content":{"rendered":"<p style=\"text-align: center;\">\u00a0<span style=\"font-family: Georgia;\"><b><span style=\"color: #000066; font-size: medium;\">Wir freuen uns, Sie auf unserer Homepage der &#8222;<em>Pension Antje&#8220;<br \/>\n<\/em>begr\u00fc\u00dfen zu d\u00fcrfen.<\/span><\/b><\/span><\/p>\n<p style=\"text-align: center;\"><span style=\"font-family: Georgia;\"><b><span style=\"color: #000066; font-size: medium;\">&#8222;Ferien zu jeder Jahreszeit&#8220;<\/span><\/b><\/span><\/p>\n<p style=\"text-align: center;\"><span style=\"font-family: Georgia;\"><b><span style=\"color: #000066; font-size: medium;\"><br \/>\n<\/span><\/b><span style=\"color: #000066; font-size: medium;\">Werte G\u00e4ste,<\/span><span style=\"color: #000066; font-size: medium;\"><br \/>\nwir begr\u00fc\u00dfen Sie recht herzlich in unseren famili\u00e4r gef\u00fchrten H\u00e4usern in unmittelbarer Strandn\u00e4he und bieten Ihnen erholsame <\/span><span style=\"color: #000066; font-size: medium;\">Ferientag.<br \/>\n<\/span><b><\/b><\/span><\/p>\n<p style=\"text-align: center;\"><span style=\"font-family: Georgia;\"><span style=\"color: #000066; font-size: medium;\">Buchen k\u00f6nnen Sie \u00fcber das Vermittlungsb\u00fcro Sebastian Scholz unter der <strong><u>Telefonnummer 038378 &#8211; 800 705<\/u><br \/>\n<b>oder<br \/>\n<\/b><\/strong>Sie k\u00f6nnen auch direkt bei Frau Schmoldt<br \/>\nunter der <strong><u>Telefonnummer 038378\/47545<\/u><\/strong> buchen<strong>.<\/strong><\/span><\/span><\/p>\n","protected":false},"excerpt":{"rendered":"<p>\u00a0Wir freuen uns, Sie auf unserer Homepage der &#8222;Pension Antje&#8220; begr\u00fc\u00dfen zu d\u00fcrfen. &#8222;Ferien zu jeder Jahreszeit&#8220; Werte G\u00e4ste, wir begr\u00fc\u00dfen Sie recht herzlich in unseren famili\u00e4r gef\u00fchrten H\u00e4usern in unmittelbarer Strandn\u00e4he und bieten Ihnen erholsame Ferientag. Buchen k\u00f6nnen Sie [&hellip;]<\/p>\n","protected":false},"author":2,"featured_media":0,"parent":0,"menu_order":0,"comment_status":"closed","ping_status":"closed","template":"page-templates\/gallery.php","meta":{"footnotes":""},"class_list":["post-2","page","type-page","status-publish","hentry"],"jetpack_sharing_enabled":false,"jetpack_shortlink":"https:\/\/wp.me\/P6nxXv-2","_links":{"self":[{"href":"https:\/\/www.pension-antje-ahlbeck.de\/wordpress\/wp-json\/wp\/v2\/pages\/2","targetHints":{"allow":["GET"]}}],"collection":[{"href":"https:\/\/www.pension-antje-ahlbeck.de\/wordpress\/wp-json\/wp\/v2\/pages"}],"about":[{"href":"https:\/\/www.pension-antje-ahlbeck.de\/wordpress\/wp-json\/wp\/v2\/types\/page"}],"author":[{"embeddable":true,"href":"https:\/\/www.pension-antje-ahlbeck.de\/wordpress\/wp-json\/wp\/v2\/users\/2"}],"replies":[{"embeddable":true,"href":"https:\/\/www.pension-antje-ahlbeck.de\/wordpress\/wp-json\/wp\/v2\/comments?post=2"}],"version-history":[{"count":5,"href":"https:\/\/www.pension-antje-ahlbeck.de\/wordpress\/wp-json\/wp\/v2\/pages\/2\/revisions"}],"predecessor-version":[{"id":513,"href":"https:\/\/www.pension-antje-ahlbeck.de\/wordpress\/wp-json\/wp\/v2\/pages\/2\/revisions\/513"}],"wp:attachment":[{"href":"https:\/\/www.pension-antje-ahlbeck.de\/wordpress\/wp-json\/wp\/v2\/media?parent=2"}],"curies":[{"name":"wp","href":"https:\/\/api.w.org\/{rel}","templated":true}]}}