{"id":73,"date":"2015-06-02T14:46:24","date_gmt":"2015-06-02T12:46:24","guid":{"rendered":"http:\/\/www.pension-antje-ahlbeck.de\/wordpress\/?page_id=73"},"modified":"2024-11-11T11:29:46","modified_gmt":"2024-11-11T09:29:46","slug":"doppelzimmer-04","status":"publish","type":"page","link":"https:\/\/www.pension-antje-ahlbeck.de\/wordpress\/doppelzimmer-04\/","title":{"rendered":"Doppelzimmer 04"},"content":{"rendered":"<p style=\"text-align: center;\"><span style=\"font-family: Georgia;\"><strong>Doppelzimmer 04 + Aufbettung<\/strong><\/span><\/p>\n<p style=\"text-align: center;\"><span style=\"font-family: Georgia;\">ist ein modern und komfortabel eingerichtetes Ferienzimmer und<br \/>\nbefindet sich im Erdgeschoss. Ausgestattet ist es mit einem Doppelbett,<br \/>\neiner Schlafcouch und einer kleinen Sitzm\u00f6glichkeit mit Fernseher.<br \/>\nBad mit Dusche, Waschtisch und WC.<\/span><\/p>\n<p style=\"text-align: center;\"><span style=\"font-family: Georgia;\">Ein reichhaltiges Fr\u00fchst\u00fccksbuffet ist bereits im Preis enthalten.<\/span><\/p>\n<p style=\"text-align: center;\"><a href=\"http:\/\/www.pension-antje-ahlbeck.de\/wordpress\/wp-content\/uploads\/Zimmer_mA.pdf\" target=\"_blank\" rel=\"noopener\"><span style=\"font-family: Georgia;\">hier gelangen Sie zu der Preisliste<\/span><\/a><\/p>\n<div class='gallery'><dl class='gallery-item'>\n\t\t\t<dt class='gallery-icon landscape'>\n\t\t\t\t<a href=\"https:\/\/i0.wp.com\/www.pension-antje-ahlbeck.de\/wordpress\/wp-content\/uploads\/2015\/06\/A_Schlafbereich1.jpg?ssl=1\"><img loading=\"lazy\" decoding=\"async\" width=\"300\" height=\"200\" src=\"https:\/\/i0.wp.com\/www.pension-antje-ahlbeck.de\/wordpress\/wp-content\/uploads\/2015\/06\/A_Schlafbereich1.jpg?fit=300%2C200&amp;ssl=1\" class=\"attachment-medium size-medium\" alt=\"\" aria-describedby=\"gallery-1-266\" srcset=\"https:\/\/i0.wp.com\/www.pension-antje-ahlbeck.de\/wordpress\/wp-content\/uploads\/2015\/06\/A_Schlafbereich1.jpg?w=1011&amp;ssl=1 1011w, https:\/\/i0.wp.com\/www.pension-antje-ahlbeck.de\/wordpress\/wp-content\/uploads\/2015\/06\/A_Schlafbereich1.jpg?resize=300%2C200&amp;ssl=1 300w\" sizes=\"auto, (max-width: 300px) 100vw, 300px\" \/><\/a>\n\t\t\t<\/dt>\n\t\t\t\t<dd class='wp-caption-text gallery-caption' id='gallery-1-266'>\n\t\t\t\tWohn-\/Schlafbereich\n\t\t\t\t<\/dd><\/dl><dl class='gallery-item'>\n\t\t\t<dt class='gallery-icon landscape'>\n\t\t\t\t<a href=\"https:\/\/i0.wp.com\/www.pension-antje-ahlbeck.de\/wordpress\/wp-content\/uploads\/2015\/06\/B_Badezimmer1.jpg?ssl=1\"><img loading=\"lazy\" decoding=\"async\" width=\"300\" height=\"200\" src=\"https:\/\/i0.wp.com\/www.pension-antje-ahlbeck.de\/wordpress\/wp-content\/uploads\/2015\/06\/B_Badezimmer1.jpg?fit=300%2C200&amp;ssl=1\" class=\"attachment-medium size-medium\" alt=\"\" aria-describedby=\"gallery-1-267\" srcset=\"https:\/\/i0.wp.com\/www.pension-antje-ahlbeck.de\/wordpress\/wp-content\/uploads\/2015\/06\/B_Badezimmer1.jpg?w=1011&amp;ssl=1 1011w, https:\/\/i0.wp.com\/www.pension-antje-ahlbeck.de\/wordpress\/wp-content\/uploads\/2015\/06\/B_Badezimmer1.jpg?resize=300%2C200&amp;ssl=1 300w\" sizes=\"auto, (max-width: 300px) 100vw, 300px\" \/><\/a>\n\t\t\t<\/dt>\n\t\t\t\t<dd class='wp-caption-text gallery-caption' id='gallery-1-267'>\n\t\t\t\tBad mit Dusche\/WC\n\t\t\t\t<\/dd><\/dl><br style=\"clear: both\" \/><dl class='gallery-item'>\n\t\t\t<dt class='gallery-icon landscape'>\n\t\t\t\t<a href=\"https:\/\/i0.wp.com\/www.pension-antje-ahlbeck.de\/wordpress\/wp-content\/uploads\/2015\/06\/Fr%C3%BChst%C3%BCcksraum-02.jpg?ssl=1\"><img loading=\"lazy\" decoding=\"async\" width=\"300\" height=\"200\" src=\"https:\/\/i0.wp.com\/www.pension-antje-ahlbeck.de\/wordpress\/wp-content\/uploads\/2015\/06\/Fr%C3%BChst%C3%BCcksraum-02.jpg?fit=300%2C200&amp;ssl=1\" class=\"attachment-medium size-medium\" alt=\"\" aria-describedby=\"gallery-1-245\" \/><\/a>\n\t\t\t<\/dt>\n\t\t\t\t<dd class='wp-caption-text gallery-caption' id='gallery-1-245'>\n\t\t\t\tFr\u00fchst\u00fccksraum\n\t\t\t\t<\/dd><\/dl><dl class='gallery-item'>\n\t\t\t<dt class='gallery-icon landscape'>\n\t\t\t\t<a href=\"https:\/\/i0.wp.com\/www.pension-antje-ahlbeck.de\/wordpress\/wp-content\/uploads\/2015\/06\/Fr%C3%BChst%C3%BCcksraum-01.jpg?ssl=1\"><img loading=\"lazy\" decoding=\"async\" width=\"300\" height=\"200\" src=\"https:\/\/i0.wp.com\/www.pension-antje-ahlbeck.de\/wordpress\/wp-content\/uploads\/2015\/06\/Fr%C3%BChst%C3%BCcksraum-01.jpg?fit=300%2C200&amp;ssl=1\" class=\"attachment-medium size-medium\" alt=\"\" aria-describedby=\"gallery-1-244\" \/><\/a>\n\t\t\t<\/dt>\n\t\t\t\t<dd class='wp-caption-text gallery-caption' id='gallery-1-244'>\n\t\t\t\tFr\u00fchst\u00fccksraum\n\t\t\t\t<\/dd><\/dl><br style=\"clear: both\" \/>\n\t\t<\/div>\n\n","protected":false},"excerpt":{"rendered":"<p>Doppelzimmer 04 + Aufbettung ist ein modern und komfortabel eingerichtetes Ferienzimmer und befindet sich im Erdgeschoss. Ausgestattet ist es mit einem Doppelbett, einer Schlafcouch und einer kleinen Sitzm\u00f6glichkeit mit Fernseher. Bad mit Dusche, Waschtisch und WC. Ein reichhaltiges Fr\u00fchst\u00fccksbuffet ist [&hellip;]<\/p>\n","protected":false},"author":2,"featured_media":0,"parent":0,"menu_order":0,"comment_status":"closed","ping_status":"closed","template":"","meta":{"jetpack_post_was_ever_published":false,"footnotes":""},"class_list":["post-73","page","type-page","status-publish","hentry"],"jetpack_sharing_enabled":false,"jetpack_shortlink":"https:\/\/wp.me\/P6nxXv-1b","_links":{"self":[{"href":"https:\/\/www.pension-antje-ahlbeck.de\/wordpress\/wp-json\/wp\/v2\/pages\/73","targetHints":{"allow":["GET"]}}],"collection":[{"href":"https:\/\/www.pension-antje-ahlbeck.de\/wordpress\/wp-json\/wp\/v2\/pages"}],"about":[{"href":"https:\/\/www.pension-antje-ahlbeck.de\/wordpress\/wp-json\/wp\/v2\/types\/page"}],"author":[{"embeddable":true,"href":"https:\/\/www.pension-antje-ahlbeck.de\/wordpress\/wp-json\/wp\/v2\/users\/2"}],"replies":[{"embeddable":true,"href":"https:\/\/www.pension-antje-ahlbeck.de\/wordpress\/wp-json\/wp\/v2\/comments?post=73"}],"version-history":[{"count":5,"href":"https:\/\/www.pension-antje-ahlbeck.de\/wordpress\/wp-json\/wp\/v2\/pages\/73\/revisions"}],"predecessor-version":[{"id":457,"href":"https:\/\/www.pension-antje-ahlbeck.de\/wordpress\/wp-json\/wp\/v2\/pages\/73\/revisions\/457"}],"wp:attachment":[{"href":"https:\/\/www.pension-antje-ahlbeck.de\/wordpress\/wp-json\/wp\/v2\/media?parent=73"}],"curies":[{"name":"wp","href":"https:\/\/api.w.org\/{rel}","templated":true}]}}