{"id":9,"date":"2015-05-28T19:52:44","date_gmt":"2015-05-28T17:52:44","guid":{"rendered":"http:\/\/www.pension-antje-ahlbeck.de\/wordpress\/?page_id=9"},"modified":"2017-03-31T19:48:06","modified_gmt":"2017-03-31T17:48:06","slug":"pension-antje","status":"publish","type":"page","link":"https:\/\/www.pension-antje-ahlbeck.de\/wordpress\/pension-antje\/","title":{"rendered":"Pension Antje"},"content":{"rendered":"<p style=\"text-align: center;\"><span style=\"font-family: Georgia;\">Unsere <strong>&#8222;Pension Antje&#8220;<\/strong> ist im sch\u00f6nen<br \/>\nSeeheilbad Ahlbeck, einem der<br \/>\ndrei Kaiserb\u00e4der, der Insel Usedom gelegen<br \/>\nund diese ist f\u00fcr Sie ganzj\u00e4hrig ge\u00f6ffnet.<\/span><\/p>\n<p style=\"text-align: center;\"><span style=\"font-family: Georgia;\">Buchen k\u00f6nnen Sie \u00fcber das <b><u>Vermittlungsb\u00fcro Sebastian Scholz<\/u><\/b><br \/>\nunter der Telefonnummer <b>038378 &#8211; 800 705<br \/>\n<strong>oder<\/strong><br \/>\n<\/b>Sie k\u00f6nnen auch direkt bei <strong><u>Frau Schmoldt<\/u><\/strong><br \/>\nunter der Telefonnummer <strong>038378\/47545<\/strong> buchen.<br \/>\n<\/span><\/p>\n<p>&nbsp;<\/p>\n<p style=\"text-align: center;\"><span style=\"font-family: Georgia;\">\u00a0<\/span><\/p>\n","protected":false},"excerpt":{"rendered":"<p>Unsere &#8222;Pension Antje&#8220; ist im sch\u00f6nen Seeheilbad Ahlbeck, einem der drei Kaiserb\u00e4der, der Insel Usedom gelegen und diese ist f\u00fcr Sie ganzj\u00e4hrig ge\u00f6ffnet. Buchen k\u00f6nnen Sie \u00fcber das Vermittlungsb\u00fcro Sebastian Scholz unter der Telefonnummer 038378 &#8211; 800 705 oder Sie [&hellip;]<\/p>\n","protected":false},"author":2,"featured_media":0,"parent":0,"menu_order":0,"comment_status":"closed","ping_status":"closed","template":"page-templates\/gallery.php","meta":{"jetpack_post_was_ever_published":false,"footnotes":""},"class_list":["post-9","page","type-page","status-publish","hentry"],"jetpack_sharing_enabled":false,"jetpack_shortlink":"https:\/\/wp.me\/P6nxXv-9","_links":{"self":[{"href":"https:\/\/www.pension-antje-ahlbeck.de\/wordpress\/wp-json\/wp\/v2\/pages\/9","targetHints":{"allow":["GET"]}}],"collection":[{"href":"https:\/\/www.pension-antje-ahlbeck.de\/wordpress\/wp-json\/wp\/v2\/pages"}],"about":[{"href":"https:\/\/www.pension-antje-ahlbeck.de\/wordpress\/wp-json\/wp\/v2\/types\/page"}],"author":[{"embeddable":true,"href":"https:\/\/www.pension-antje-ahlbeck.de\/wordpress\/wp-json\/wp\/v2\/users\/2"}],"replies":[{"embeddable":true,"href":"https:\/\/www.pension-antje-ahlbeck.de\/wordpress\/wp-json\/wp\/v2\/comments?post=9"}],"version-history":[{"count":5,"href":"https:\/\/www.pension-antje-ahlbeck.de\/wordpress\/wp-json\/wp\/v2\/pages\/9\/revisions"}],"predecessor-version":[{"id":512,"href":"https:\/\/www.pension-antje-ahlbeck.de\/wordpress\/wp-json\/wp\/v2\/pages\/9\/revisions\/512"}],"wp:attachment":[{"href":"https:\/\/www.pension-antje-ahlbeck.de\/wordpress\/wp-json\/wp\/v2\/media?parent=9"}],"curies":[{"name":"wp","href":"https:\/\/api.w.org\/{rel}","templated":true}]}}